{"id":490,"date":"2026-03-25T15:56:34","date_gmt":"2026-03-25T13:56:34","guid":{"rendered":"https:\/\/cpm-apartment-ag.ch\/?page_id=490"},"modified":"2026-03-25T22:13:07","modified_gmt":"2026-03-25T20:13:07","slug":"wartungsmodus","status":"publish","type":"page","link":"https:\/\/cpm-apartment-ag.ch\/","title":{"rendered":"WARTUNGSMODUS"},"content":{"rendered":"\t\t<div data-elementor-type=\"wp-page\" data-elementor-id=\"490\" class=\"elementor elementor-490\" data-elementor-settings=\"[]\">\n\t\t\t\t\t\t\t<div class=\"elementor-section-wrap\">\n\t\t\t\t\t\t\t<section class=\"elementor-section elementor-top-section elementor-element elementor-element-761fc2b0 elementor-section-boxed elementor-section-height-default elementor-section-height-default\" data-id=\"761fc2b0\" data-element_type=\"section\">\n\t\t\t\t\t\t<div class=\"elementor-container elementor-column-gap-default\">\n\t\t\t\t\t<div class=\"elementor-column elementor-col-100 elementor-top-column elementor-element elementor-element-743d1a71\" data-id=\"743d1a71\" data-element_type=\"column\">\n\t\t\t<div class=\"elementor-widget-wrap elementor-element-populated\">\n\t\t\t\t\t\t\t\t<div class=\"elementor-element elementor-element-3354a107 elementor-widget elementor-widget-text-editor\" data-id=\"3354a107\" data-element_type=\"widget\" data-widget_type=\"text-editor.default\">\n\t\t\t\t<div class=\"elementor-widget-container\">\n\t\t\t\t\t<div class=\"elementor-text-editor elementor-clearfix\"><!-- wp:paragraph {\"align\":\"center\"} -->\n<h1 class=\"has-text-align-center\" style=\"text-align: center;\"><strong>Unsere Webseite befindet sich<\/strong><strong> im Wartungsmodus<\/strong><\/h1>\n<h1 style=\"text-align: center;\"><em>Sorry, we&#8217;re down for maintenance<\/em><\/h1>\n<!-- \/wp:paragraph --><!-- wp:paragraph -->\n<p style=\"text-align: center;\">Wir f\u00fchren einige Aktualisierungen auf unserer Webseite durch und m\u00fcssen eine Weile offline gehen.<\/p>\n<!-- \/wp:paragraph --><!-- wp:paragraph -->\n<p style=\"text-align: center;\">Wir sind in K\u00fcrze wieder f\u00fcr Sie da!<\/p>\n<!-- \/wp:paragraph --><!-- wp:paragraph -->\n<p>\u00a0<\/p>\n<!-- \/wp:paragraph --><\/div>\n\t\t\t\t<\/div>\n\t\t\t\t<\/div>\n\t\t\t\t\t<\/div>\n\t\t<\/div>\n\t\t\t\t\t\t\t<\/div>\n\t\t<\/section>\n\t\t\t\t\t\t<\/div>\n\t\t\t\t\t<\/div>\n\t\t","protected":false},"excerpt":{"rendered":"<p>Unsere Webseite befindet sich im Wartungsmodus Sorry, we&#8217;re down for maintenance Wir f\u00fchren einige Aktualisierungen auf unserer Webseite durch und m\u00fcssen eine Weile offline gehen. Wir sind in K\u00fcrze wieder f\u00fcr Sie da! \u00a0<\/p>\n","protected":false},"author":3,"featured_media":0,"parent":0,"menu_order":0,"comment_status":"closed","ping_status":"closed","template":"templates\/wpmm-page-template.php","meta":[],"_links":{"self":[{"href":"https:\/\/cpm-apartment-ag.ch\/index.php?rest_route=\/wp\/v2\/pages\/490"}],"collection":[{"href":"https:\/\/cpm-apartment-ag.ch\/index.php?rest_route=\/wp\/v2\/pages"}],"about":[{"href":"https:\/\/cpm-apartment-ag.ch\/index.php?rest_route=\/wp\/v2\/types\/page"}],"author":[{"embeddable":true,"href":"https:\/\/cpm-apartment-ag.ch\/index.php?rest_route=\/wp\/v2\/users\/3"}],"replies":[{"embeddable":true,"href":"https:\/\/cpm-apartment-ag.ch\/index.php?rest_route=%2Fwp%2Fv2%2Fcomments&post=490"}],"version-history":[{"count":14,"href":"https:\/\/cpm-apartment-ag.ch\/index.php?rest_route=\/wp\/v2\/pages\/490\/revisions"}],"predecessor-version":[{"id":506,"href":"https:\/\/cpm-apartment-ag.ch\/index.php?rest_route=\/wp\/v2\/pages\/490\/revisions\/506"}],"wp:attachment":[{"href":"https:\/\/cpm-apartment-ag.ch\/index.php?rest_route=%2Fwp%2Fv2%2Fmedia&parent=490"}],"curies":[{"name":"wp","href":"https:\/\/api.w.org\/{rel}","templated":true}]}}